{"id":55,"date":"2019-12-30T13:13:55","date_gmt":"2019-12-30T13:13:55","guid":{"rendered":"https:\/\/domum.ee\/?page_id=55"},"modified":"2019-12-30T15:39:21","modified_gmt":"2019-12-30T13:39:21","slug":"meist","status":"publish","type":"page","link":"https:\/\/domum.ee\/?page_id=55","title":{"rendered":"Meist"},"content":{"rendered":"\n<p>O\u00dc Domum on ehituse peat\u00f6\u00f6v\u00f5tu ja projektijuhtimisega tegelev ettev\u00f5te. <\/p>\n\n\n\n<p>Ettev\u00f5ttes t\u00f6\u00f6tavad pikaaegse kogemusega litsentseeritud ehitusinsenerid, kelle k\u00e4e l\u00e4bi on valminud elu-, \u00e4ri- kui \u00fchiskondlike hooneid.<\/p>\n\n\n\n<p>Tegevusala ehitamine: EEH009762<\/p>\n\n\n\n<p>Tegevusala muinsuskaitse:  EMU000291 <\/p>\n","protected":false},"excerpt":{"rendered":"<p>O\u00dc Domum on ehituse peat\u00f6\u00f6v\u00f5tu ja projektijuhtimisega tegelev ettev\u00f5te. Ettev\u00f5ttes t\u00f6\u00f6tavad pikaaegse kogemusega litsentseeritud ehitusinsenerid, kelle k\u00e4e l\u00e4bi on valminud elu-, \u00e4ri- kui \u00fchiskondlike hooneid. Tegevusala ehitamine: EEH009762 Tegevusala muinsuskaitse: EMU000291<\/p>\n","protected":false},"author":1,"featured_media":0,"parent":0,"menu_order":0,"comment_status":"closed","ping_status":"closed","template":"","meta":{"footnotes":""},"class_list":["post-55","page","type-page","status-publish","hentry"],"_links":{"self":[{"href":"https:\/\/domum.ee\/index.php?rest_route=\/wp\/v2\/pages\/55","targetHints":{"allow":["GET"]}}],"collection":[{"href":"https:\/\/domum.ee\/index.php?rest_route=\/wp\/v2\/pages"}],"about":[{"href":"https:\/\/domum.ee\/index.php?rest_route=\/wp\/v2\/types\/page"}],"author":[{"embeddable":true,"href":"https:\/\/domum.ee\/index.php?rest_route=\/wp\/v2\/users\/1"}],"replies":[{"embeddable":true,"href":"https:\/\/domum.ee\/index.php?rest_route=%2Fwp%2Fv2%2Fcomments&post=55"}],"version-history":[{"count":3,"href":"https:\/\/domum.ee\/index.php?rest_route=\/wp\/v2\/pages\/55\/revisions"}],"predecessor-version":[{"id":82,"href":"https:\/\/domum.ee\/index.php?rest_route=\/wp\/v2\/pages\/55\/revisions\/82"}],"wp:attachment":[{"href":"https:\/\/domum.ee\/index.php?rest_route=%2Fwp%2Fv2%2Fmedia&parent=55"}],"curies":[{"name":"wp","href":"https:\/\/api.w.org\/{rel}","templated":true}]}}